{"id":447,"date":"2024-06-05T15:00:19","date_gmt":"2024-06-05T15:00:19","guid":{"rendered":"https:\/\/www.vstaromsade.sk\/?page_id=447"},"modified":"2024-06-05T16:55:29","modified_gmt":"2024-06-05T16:55:29","slug":"prirodne-kytice","status":"publish","type":"page","link":"https:\/\/www.vstaromsade.sk\/?page_id=447","title":{"rendered":"Pr\u00edrodn\u00e9 kytice"},"content":{"rendered":"\n<blockquote class=\"wp-block-quote is-layout-flow wp-block-quote-is-layout-flow\">\n<p><\/p>\n<cite>sez\u00f3nne, lok\u00e1lne, bez ch\u00e9mie<\/cite><\/blockquote>\n\n\n\n<div class=\"wp-block-columns is-layout-flex wp-container-core-columns-is-layout-9d6595d7 wp-block-columns-is-layout-flex\">\n<div class=\"wp-block-column is-layout-flow wp-block-column-is-layout-flow\">\n<div class=\"wp-block-columns is-layout-flex wp-container-core-columns-is-layout-9d6595d7 wp-block-columns-is-layout-flex\">\n<div class=\"wp-block-column is-layout-flow wp-block-column-is-layout-flow\">\n<p><\/p>\n\n\n\n<p>Vedeli ste, \u017ee kvietky, ktor\u00e9 be\u017ene k\u00fapite v supermarkete, \u010di kvetin\u00e1rstve za Vami precestovali \u010dasto tis\u00edce kilometrov? Vozia sa k n\u00e1m nielen z Eur\u00f3py, ale aj z Afriky a Ju\u017enej Ameriky. Na to, aby prekonali v dobrej kond\u00edcii n\u00e1ro\u010dn\u00fa cestu, sa chemicky o\u0161etruj\u00fa a podchladzuj\u00fa, nehovoriac o \u00faplne zbyto\u010dnej uhl\u00edkovej stope, ktor\u00fa za sebou zanechaj\u00fa.<\/p>\n\n\n<div class=\"wp-block-image is-style-default\">\n<figure class=\"aligncenter size-large is-resized\"><img loading=\"lazy\" decoding=\"async\" width=\"1007\" height=\"1024\" src=\"http:\/\/www.vstaromsade.sk\/wp-content\/uploads\/2024\/06\/DSC_6382-1007x1024.jpg\" alt=\"\" class=\"wp-image-464\" style=\"width:358px;height:auto\" srcset=\"https:\/\/www.vstaromsade.sk\/wp-content\/uploads\/2024\/06\/DSC_6382-1007x1024.jpg 1007w, https:\/\/www.vstaromsade.sk\/wp-content\/uploads\/2024\/06\/DSC_6382-295x300.jpg 295w, https:\/\/www.vstaromsade.sk\/wp-content\/uploads\/2024\/06\/DSC_6382-768x781.jpg 768w, https:\/\/www.vstaromsade.sk\/wp-content\/uploads\/2024\/06\/DSC_6382-1511x1536.jpg 1511w, https:\/\/www.vstaromsade.sk\/wp-content\/uploads\/2024\/06\/DSC_6382-2014x2048.jpg 2014w\" sizes=\"auto, (max-width: 1007px) 100vw, 1007px\" \/><\/figure>\n<\/div><\/div>\n\n\n\n<div class=\"wp-block-column is-vertically-aligned-bottom is-layout-flow wp-block-column-is-layout-flow\">\n<div class=\"wp-block-columns is-layout-flex wp-container-core-columns-is-layout-9d6595d7 wp-block-columns-is-layout-flex\">\n<div class=\"wp-block-column is-layout-flow wp-block-column-is-layout-flow\"><\/div>\n<\/div>\n\n\n<div class=\"wp-block-image is-style-default\">\n<figure class=\"aligncenter size-large is-resized\"><img loading=\"lazy\" decoding=\"async\" width=\"1024\" height=\"854\" src=\"http:\/\/www.vstaromsade.sk\/wp-content\/uploads\/2024\/06\/DSC_6477-1-1024x854.jpg\" alt=\"\" class=\"wp-image-457\" style=\"width:342px;height:auto\" srcset=\"https:\/\/www.vstaromsade.sk\/wp-content\/uploads\/2024\/06\/DSC_6477-1-1024x854.jpg 1024w, https:\/\/www.vstaromsade.sk\/wp-content\/uploads\/2024\/06\/DSC_6477-1-300x250.jpg 300w, https:\/\/www.vstaromsade.sk\/wp-content\/uploads\/2024\/06\/DSC_6477-1-768x641.jpg 768w, https:\/\/www.vstaromsade.sk\/wp-content\/uploads\/2024\/06\/DSC_6477-1-1536x1281.jpg 1536w, https:\/\/www.vstaromsade.sk\/wp-content\/uploads\/2024\/06\/DSC_6477-1-2048x1708.jpg 2048w\" sizes=\"auto, (max-width: 1024px) 100vw, 1024px\" \/><\/figure>\n<\/div>\n\n\n<p><\/p>\n\n\n\n<p>Kvietky, ktor\u00e9 V\u00e1m pon\u00fakame, z na\u0161ej pr\u00edrodnej certifikovanej z\u00e1hrady, za sebou \u017eiadny, tak\u00fdto pr\u00edbeh nemaj\u00fa. S\u00fa sez\u00f3nne, teda dostupn\u00e9 len v \u010dase ich prirodzen\u00e9ho kvitnutia a s\u00fa lok\u00e1lne, \u010di\u017ee prekonaj\u00fa len kr\u00e1tku vzdialenos\u0165, aby V\u00e1m urobili rados\u0165. T\u00fdm podporujeme udr\u017eate\u013enos\u0165 v na\u0161om regi\u00f3ne, zdrav\u0161iu bud\u00facnos\u0165 pre na\u0161e deti, lebo na nich predsa z\u00e1le\u017e\u00ed.<\/p>\n<\/div>\n<\/div>\n\n\n\n<div class=\"wp-block-columns is-layout-flex wp-container-core-columns-is-layout-9d6595d7 wp-block-columns-is-layout-flex\">\n<div class=\"wp-block-column is-vertically-aligned-center is-layout-flow wp-block-column-is-layout-flow\"><\/div>\n<\/div>\n<\/div>\n<\/div>\n\n\n\n<p style=\"font-size:18px\"><\/p>\n\n\n\n<h3 class=\"wp-block-heading has-cyan-bluish-gray-color has-text-color has-link-color wp-elements-22491c72ef311000e1969c609a719952\" style=\"font-size:38px\">Jednotliv\u00e9 kroky a ceny<\/h3>\n\n\n\n<p>Kvietky re\u017eeme v\u017edy r\u00e1no \u010derstv\u00e9 a len na z\u00e1klade zadan\u00fdch objedn\u00e1vok, preto nevytv\u00e1rame \u017eiadny zbyto\u010dn\u00fd odpad. Objedn\u00e1vky V\u00e1s popros\u00edme zada\u0165 telefonicky, mailom alebo prostredn\u00edctvom soci\u00e1lnych siet\u00ed de\u0148 vopred, pr\u00edpadne do 7h r\u00e1no v dan\u00fd de\u0148. Objedn\u00e1vku si potvrd\u00edme a kyticu dovezieme na Vami stanoven\u00fa adresu vr\u00e1mci Turca v \u010dase rozvozu.<\/p>\n\n\n\n<div class=\"wp-block-columns is-layout-flex wp-container-core-columns-is-layout-9d6595d7 wp-block-columns-is-layout-flex\">\n<div class=\"wp-block-column is-layout-flow wp-block-column-is-layout-flow\">\n<p class=\"has-luminous-vivid-orange-color has-text-color has-link-color wp-elements-0de370972e76b75b9fbb0f73e2998613\" style=\"font-size:20px\"><strong>Kytice via\u017eeme v troch ve\u013ekostiach:<\/strong><\/p>\n\n\n\n<ul class=\"wp-block-list\">\n<li><strong>mal\u00e1<\/strong>, priemer cca 20cm &#8211; 15 EUR<\/li>\n\n\n\n<li><strong>stredn\u00e1<\/strong>, priemer cca 25-30cm &#8211; 29 EUR<\/li>\n\n\n\n<li><strong>ve\u013ek\u00e1<\/strong>, priemer cca 35cm &#8211; 39 EUR<\/li>\n\n\n\n<li>ostatn\u00e9 pod\u013ea dohody<\/li>\n<\/ul>\n\n\n<div class=\"wp-block-image is-style-default\">\n<figure class=\"aligncenter size-large is-resized\"><img loading=\"lazy\" decoding=\"async\" width=\"1024\" height=\"783\" src=\"http:\/\/www.vstaromsade.sk\/wp-content\/uploads\/2024\/06\/DSC_4652-1024x783.jpg\" alt=\"\" class=\"wp-image-497\" style=\"width:328px;height:auto\" srcset=\"https:\/\/www.vstaromsade.sk\/wp-content\/uploads\/2024\/06\/DSC_4652-1024x783.jpg 1024w, https:\/\/www.vstaromsade.sk\/wp-content\/uploads\/2024\/06\/DSC_4652-300x229.jpg 300w, https:\/\/www.vstaromsade.sk\/wp-content\/uploads\/2024\/06\/DSC_4652-768x587.jpg 768w, https:\/\/www.vstaromsade.sk\/wp-content\/uploads\/2024\/06\/DSC_4652-1536x1174.jpg 1536w, https:\/\/www.vstaromsade.sk\/wp-content\/uploads\/2024\/06\/DSC_4652-2048x1565.jpg 2048w\" sizes=\"auto, (max-width: 1024px) 100vw, 1024px\" \/><\/figure>\n<\/div><\/div>\n\n\n\n<div class=\"wp-block-column is-layout-flow wp-block-column-is-layout-flow\">\n<p><\/p>\n\n\n<div class=\"wp-block-image is-style-default\">\n<figure class=\"aligncenter size-large is-resized\"><img loading=\"lazy\" decoding=\"async\" width=\"1024\" height=\"682\" src=\"http:\/\/www.vstaromsade.sk\/wp-content\/uploads\/2024\/06\/DSC_6138-1024x682.jpg\" alt=\"\" class=\"wp-image-485\" style=\"width:348px;height:auto\" srcset=\"https:\/\/www.vstaromsade.sk\/wp-content\/uploads\/2024\/06\/DSC_6138-1024x682.jpg 1024w, https:\/\/www.vstaromsade.sk\/wp-content\/uploads\/2024\/06\/DSC_6138-300x200.jpg 300w, https:\/\/www.vstaromsade.sk\/wp-content\/uploads\/2024\/06\/DSC_6138-768x511.jpg 768w, https:\/\/www.vstaromsade.sk\/wp-content\/uploads\/2024\/06\/DSC_6138-1536x1023.jpg 1536w, https:\/\/www.vstaromsade.sk\/wp-content\/uploads\/2024\/06\/DSC_6138-2048x1364.jpg 2048w\" sizes=\"auto, (max-width: 1024px) 100vw, 1024px\" \/><\/figure>\n<\/div>\n\n\n<p><em>Prepravn\u00e9:<\/em><\/p>\n\n\n\n<ul class=\"wp-block-list\">\n<li>Necpaly &#8211; gr\u00e1tis<\/li>\n\n\n\n<li>Bel\u00e1-Dulice, \u017dabokreky, Folku\u0161ov\u00e1 &#8211; 1 EUR<\/li>\n\n\n\n<li>Martin a ostatn\u00e9 obce vzdialen\u00e9 od Necp\u00e1l do 10km &#8211; 2 EUR<\/li>\n\n\n\n<li>Vr\u00fatky, Tur\u010dianske Teplice a ostatn\u00e9 obce medzi 10-20km vzdialenosti od Necp\u00e1l &#8211; 3 EUR<\/li>\n<\/ul>\n<\/div>\n<\/div>\n\n\n\n<p style=\"font-size:18px\"><\/p>\n","protected":false},"excerpt":{"rendered":"<p>sez\u00f3nne, lok\u00e1lne, bez ch\u00e9mie Vedeli ste, \u017ee kvietky, ktor\u00e9 be\u017ene k\u00fapite v supermarkete, \u010di kvetin\u00e1rstve za Vami precestovali \u010dasto tis\u00edce kilometrov? Vozia sa k n\u00e1m nielen z Eur\u00f3py, ale aj z Afriky a Ju\u017enej Ameriky. Na to, aby prekonali v dobrej kond\u00edcii n\u00e1ro\u010dn\u00fa cestu, sa chemicky o\u0161etruj\u00fa a podchladzuj\u00fa, nehovoriac o \u00faplne zbyto\u010dnej uhl\u00edkovej stope, &hellip; <\/p>\n","protected":false},"author":1,"featured_media":448,"parent":0,"menu_order":0,"comment_status":"closed","ping_status":"closed","template":"","meta":{"footnotes":""},"class_list":["post-447","page","type-page","status-publish","has-post-thumbnail","hentry"],"_links":{"self":[{"href":"https:\/\/www.vstaromsade.sk\/index.php?rest_route=\/wp\/v2\/pages\/447","targetHints":{"allow":["GET"]}}],"collection":[{"href":"https:\/\/www.vstaromsade.sk\/index.php?rest_route=\/wp\/v2\/pages"}],"about":[{"href":"https:\/\/www.vstaromsade.sk\/index.php?rest_route=\/wp\/v2\/types\/page"}],"author":[{"embeddable":true,"href":"https:\/\/www.vstaromsade.sk\/index.php?rest_route=\/wp\/v2\/users\/1"}],"replies":[{"embeddable":true,"href":"https:\/\/www.vstaromsade.sk\/index.php?rest_route=%2Fwp%2Fv2%2Fcomments&post=447"}],"version-history":[{"count":28,"href":"https:\/\/www.vstaromsade.sk\/index.php?rest_route=\/wp\/v2\/pages\/447\/revisions"}],"predecessor-version":[{"id":505,"href":"https:\/\/www.vstaromsade.sk\/index.php?rest_route=\/wp\/v2\/pages\/447\/revisions\/505"}],"wp:featuredmedia":[{"embeddable":true,"href":"https:\/\/www.vstaromsade.sk\/index.php?rest_route=\/wp\/v2\/media\/448"}],"wp:attachment":[{"href":"https:\/\/www.vstaromsade.sk\/index.php?rest_route=%2Fwp%2Fv2%2Fmedia&parent=447"}],"curies":[{"name":"wp","href":"https:\/\/api.w.org\/{rel}","templated":true}]}}