{"id":25,"date":"2022-01-09T16:02:17","date_gmt":"2022-01-09T16:02:17","guid":{"rendered":"https:\/\/www.vstaromsade.sk\/?page_id=25"},"modified":"2022-01-13T08:40:47","modified_gmt":"2022-01-13T08:40:47","slug":"uvodna-stranka","status":"publish","type":"page","link":"https:\/\/www.vstaromsade.sk\/","title":{"rendered":"Permapr\u00edrodn\u00e9 z\u00e1hrady"},"content":{"rendered":"\n<blockquote class=\"wp-block-quote is-layout-flow wp-block-quote-is-layout-flow\"><p>kr\u00e1sne, \u017eiv\u00e9, udr\u017eate\u013en\u00e9<\/p><\/blockquote>\n\n\n\n<div class=\"wp-block-columns is-layout-flex wp-container-core-columns-is-layout-9d6595d7 wp-block-columns-is-layout-flex\">\n<div class=\"wp-block-column is-layout-flow wp-block-column-is-layout-flow\" style=\"flex-basis:100%\">\n<p>C\u00edtite sa dobre v lese, \u010di na zakvitnutej l\u00fake? To bude presne ten pocit, ktor\u00fd V\u00e1s obklop\u00ed v permapr\u00edrodnej z\u00e1hrade. V\u013e\u00fadna, obj\u00edmaj\u00faca n\u00e1ru\u010d, ktor\u00e1 V\u00e1s po n\u00e1ro\u010dnom dni uvo\u013en\u00ed a nabije novou silou, uzemn\u00ed. Nie je &#8222;upratan\u00e1&#8220;, zarovnan\u00e1, \u010di steriln\u00e1, JE \u017dIV\u00c1, preto \u017eivot aj rozd\u00e1va. Je pln\u00e1 chut\u00ed a v\u00f4n\u00ed, spieva a lie\u010di a v\u00f4bec nez\u00e1le\u017e\u00ed na jej ve\u013ekosti.<\/p>\n\n\n\n<div class=\"wp-block-columns is-layout-flex wp-container-core-columns-is-layout-9d6595d7 wp-block-columns-is-layout-flex\">\n<div class=\"wp-block-column is-layout-flow wp-block-column-is-layout-flow\" style=\"flex-basis:400px\">\n<div class=\"wp-block-image is-style-default\"><figure class=\"aligncenter size-medium is-resized\"><img loading=\"lazy\" decoding=\"async\" src=\"https:\/\/www.vstaromsade.sk\/wp-content\/uploads\/2022\/01\/DSC_5633-199x300.jpg\" alt=\"\" class=\"wp-image-359\" width=\"276\" height=\"416\" srcset=\"https:\/\/www.vstaromsade.sk\/wp-content\/uploads\/2022\/01\/DSC_5633-199x300.jpg 199w, https:\/\/www.vstaromsade.sk\/wp-content\/uploads\/2022\/01\/DSC_5633-681x1024.jpg 681w, https:\/\/www.vstaromsade.sk\/wp-content\/uploads\/2022\/01\/DSC_5633-768x1155.jpg 768w, https:\/\/www.vstaromsade.sk\/wp-content\/uploads\/2022\/01\/DSC_5633-1021x1536.jpg 1021w, https:\/\/www.vstaromsade.sk\/wp-content\/uploads\/2022\/01\/DSC_5633-1362x2048.jpg 1362w, https:\/\/www.vstaromsade.sk\/wp-content\/uploads\/2022\/01\/DSC_5633-scaled.jpg 1702w\" sizes=\"auto, (max-width: 276px) 100vw, 276px\" \/><\/figure><\/div>\n<\/div>\n\n\n\n<div class=\"wp-block-column is-vertically-aligned-top is-layout-flow wp-block-column-is-layout-flow\">\n<p><\/p>\n\n\n\n<p style=\"font-size:18px\">D\u00e1vno ste pod\u013eahli, len neviete kde za\u010da\u0165? Nevad\u00ed, ak dovol\u00edte, rada sa stanem Va\u0161im sprievodcom pri tvoren\u00ed. Mo\u017eno V\u00e1m sta\u010d\u00ed semin\u00e1r, mo\u017eno potrebujete kompletn\u00fd dizajn a aj p\u00e1r hod\u00edn sprev\u00e1dzania, k\u00fdm sa nakopnete, ale ste na spr\u00e1vnej ceste. U\u017e my\u0161lienka V\u00e1s toti\u017e po\u017eenie vpred. Tak nakuknite, cesta Va\u0161ej rajskej z\u00e1hrady sa pr\u00e1ve za\u010dala.<\/p>\n\n\n\n<blockquote class=\"wp-block-quote is-layout-flow wp-block-quote-is-layout-flow\"><p>Zmen\u00ed V\u00e1m \u017eivot!<\/p><\/blockquote>\n<\/div>\n<\/div>\n<\/div>\n<\/div>\n\n\n\n<div class=\"wp-block-columns is-layout-flex wp-container-core-columns-is-layout-9d6595d7 wp-block-columns-is-layout-flex\"><\/div>\n\n\n\n<p><\/p>\n","protected":false},"excerpt":{"rendered":"<p>kr\u00e1sne, \u017eiv\u00e9, udr\u017eate\u013en\u00e9 C\u00edtite sa dobre v lese, \u010di na zakvitnutej l\u00fake? To bude presne ten pocit, ktor\u00fd V\u00e1s obklop\u00ed v permapr\u00edrodnej z\u00e1hrade. V\u013e\u00fadna, obj\u00edmaj\u00faca n\u00e1ru\u010d, ktor\u00e1 V\u00e1s po n\u00e1ro\u010dnom dni uvo\u013en\u00ed a nabije novou silou, uzemn\u00ed. Nie je &#8222;upratan\u00e1&#8220;, zarovnan\u00e1, \u010di steriln\u00e1, JE \u017dIV\u00c1, preto \u017eivot aj rozd\u00e1va. Je pln\u00e1 chut\u00ed a v\u00f4n\u00ed, spieva &hellip; <\/p>\n","protected":false},"author":1,"featured_media":24,"parent":0,"menu_order":0,"comment_status":"closed","ping_status":"closed","template":"","meta":{"footnotes":""},"class_list":["post-25","page","type-page","status-publish","has-post-thumbnail","hentry"],"_links":{"self":[{"href":"https:\/\/www.vstaromsade.sk\/index.php?rest_route=\/wp\/v2\/pages\/25","targetHints":{"allow":["GET"]}}],"collection":[{"href":"https:\/\/www.vstaromsade.sk\/index.php?rest_route=\/wp\/v2\/pages"}],"about":[{"href":"https:\/\/www.vstaromsade.sk\/index.php?rest_route=\/wp\/v2\/types\/page"}],"author":[{"embeddable":true,"href":"https:\/\/www.vstaromsade.sk\/index.php?rest_route=\/wp\/v2\/users\/1"}],"replies":[{"embeddable":true,"href":"https:\/\/www.vstaromsade.sk\/index.php?rest_route=%2Fwp%2Fv2%2Fcomments&post=25"}],"version-history":[{"count":9,"href":"https:\/\/www.vstaromsade.sk\/index.php?rest_route=\/wp\/v2\/pages\/25\/revisions"}],"predecessor-version":[{"id":366,"href":"https:\/\/www.vstaromsade.sk\/index.php?rest_route=\/wp\/v2\/pages\/25\/revisions\/366"}],"wp:featuredmedia":[{"embeddable":true,"href":"https:\/\/www.vstaromsade.sk\/index.php?rest_route=\/wp\/v2\/media\/24"}],"wp:attachment":[{"href":"https:\/\/www.vstaromsade.sk\/index.php?rest_route=%2Fwp%2Fv2%2Fmedia&parent=25"}],"curies":[{"name":"wp","href":"https:\/\/api.w.org\/{rel}","templated":true}]}}