{"id":238,"date":"2022-01-11T11:42:15","date_gmt":"2022-01-11T11:42:15","guid":{"rendered":"https:\/\/www.vstaromsade.sk\/?page_id=238"},"modified":"2022-01-12T16:20:10","modified_gmt":"2022-01-12T16:20:10","slug":"pre-mesta-obce-a-firmy","status":"publish","type":"page","link":"https:\/\/www.vstaromsade.sk\/?page_id=238","title":{"rendered":"Pre mest\u00e1, obce a firmy"},"content":{"rendered":"\n<h2 class=\"wp-block-heading\" style=\"font-size:38px;line-height:1.4\"><strong>Pre mest\u00e1, obce a firmy<\/strong><\/h2>\n\n\n\n<div class=\"wp-block-columns is-layout-flex wp-container-core-columns-is-layout-9d6595d7 wp-block-columns-is-layout-flex\">\n<div class=\"wp-block-column is-vertically-aligned-center is-layout-flow wp-block-column-is-layout-flow\">\n<p style=\"font-size:18px\"><\/p>\n\n\n\n<ul class=\"wp-block-list\" style=\"font-size:18px\"><li>spolupr\u00e1ca pri tvorbe verejnej zelene s prihliadnut\u00edm na pemakult\u00farne princ\u00edpy<\/li><\/ul>\n\n\n\n<ul class=\"wp-block-list\" style=\"font-size:18px\"><li>permapr\u00edrodn\u00fd dizajn firemn\u00e9ho are\u00e1lu, zakomponovanie sez\u00f3nnych zasadac\u00edch miestnost\u00ed, \u010di prest\u00e1vkov\u00fdch z\u00f3n pre zamestnancov<\/li><\/ul>\n<\/div>\n\n\n\n<div class=\"wp-block-column is-layout-flow wp-block-column-is-layout-flow\">\n<div class=\"wp-block-image is-style-default\"><figure class=\"aligncenter size-large is-resized\"><img loading=\"lazy\" decoding=\"async\" src=\"http:\/\/www.vstaromsade.sk\/wp-content\/uploads\/2022\/01\/46648605_s1600x1600-1024x681.jpg\" alt=\"\" class=\"wp-image-231\" width=\"323\" height=\"213\"\/><\/figure><\/div>\n<\/div>\n<\/div>\n\n\n\n<h2 class=\"has-text-color wp-block-heading\" style=\"color:#5c6369;font-size:30px\"><em>Pre konkr\u00e9tne mo\u017enosti spolupr\u00e1ce ma pros\u00edm kontaktuje, rada V\u00e1m navrhnem napr\u00edklad aj jednoduch\u00fd z\u00e1hon pred Obecn\u00fdm \u00faradom, \u010di Riadite\u013estvom spolo\u010dnosti. <\/em><\/h2>\n","protected":false},"excerpt":{"rendered":"<p>Pre mest\u00e1, obce a firmy spolupr\u00e1ca pri tvorbe verejnej zelene s prihliadnut\u00edm na pemakult\u00farne princ\u00edpy permapr\u00edrodn\u00fd dizajn firemn\u00e9ho are\u00e1lu, zakomponovanie sez\u00f3nnych zasadac\u00edch miestnost\u00ed, \u010di prest\u00e1vkov\u00fdch z\u00f3n pre zamestnancov Pre konkr\u00e9tne mo\u017enosti spolupr\u00e1ce ma pros\u00edm kontaktuje, rada V\u00e1m navrhnem napr\u00edklad aj jednoduch\u00fd z\u00e1hon pred Obecn\u00fdm \u00faradom, \u010di Riadite\u013estvom spolo\u010dnosti.<\/p>\n","protected":false},"author":1,"featured_media":244,"parent":0,"menu_order":0,"comment_status":"closed","ping_status":"closed","template":"","meta":{"footnotes":""},"class_list":["post-238","page","type-page","status-publish","has-post-thumbnail","hentry"],"_links":{"self":[{"href":"https:\/\/www.vstaromsade.sk\/index.php?rest_route=\/wp\/v2\/pages\/238","targetHints":{"allow":["GET"]}}],"collection":[{"href":"https:\/\/www.vstaromsade.sk\/index.php?rest_route=\/wp\/v2\/pages"}],"about":[{"href":"https:\/\/www.vstaromsade.sk\/index.php?rest_route=\/wp\/v2\/types\/page"}],"author":[{"embeddable":true,"href":"https:\/\/www.vstaromsade.sk\/index.php?rest_route=\/wp\/v2\/users\/1"}],"replies":[{"embeddable":true,"href":"https:\/\/www.vstaromsade.sk\/index.php?rest_route=%2Fwp%2Fv2%2Fcomments&post=238"}],"version-history":[{"count":6,"href":"https:\/\/www.vstaromsade.sk\/index.php?rest_route=\/wp\/v2\/pages\/238\/revisions"}],"predecessor-version":[{"id":334,"href":"https:\/\/www.vstaromsade.sk\/index.php?rest_route=\/wp\/v2\/pages\/238\/revisions\/334"}],"wp:featuredmedia":[{"embeddable":true,"href":"https:\/\/www.vstaromsade.sk\/index.php?rest_route=\/wp\/v2\/media\/244"}],"wp:attachment":[{"href":"https:\/\/www.vstaromsade.sk\/index.php?rest_route=%2Fwp%2Fv2%2Fmedia&parent=238"}],"curies":[{"name":"wp","href":"https:\/\/api.w.org\/{rel}","templated":true}]}}